{"id":418,"date":"2018-11-01T00:02:30","date_gmt":"2018-10-31T22:02:30","guid":{"rendered":"https:\/\/bungalows-ingrid.com\/antike\/"},"modified":"2021-05-06T22:18:03","modified_gmt":"2021-05-06T20:18:03","slug":"history","status":"publish","type":"page","link":"https:\/\/bungalows-ingrid.com\/el\/history\/","title":{"rendered":"\u0399\u03c3\u03c4\u03bf\u03c1\u03af\u03b1"},"content":{"rendered":"<div class=\"wpb-content-wrapper\">[mk_page_section bg_image=&#8221;https:\/\/bungalows-ingrid.com\/wp-content\/uploads\/2018\/11\/theatre2.jpg&#8221; bg_position=&#8221;center center&#8221; bg_stretch=&#8221;true&#8221; enable_3d=&#8221;true&#8221; video_color_mask=&#8221;#000000&#8243; video_opacity=&#8221;0.5&#8243; min_height=&#8221;350&#8243; full_width=&#8221;true&#8221; sidebar=&#8221;sidebar-1&#8243;][vc_column][vc_column_text align=&#8221;center&#8221; css=&#8221;.vc_custom_1620332158023{margin-bottom: 0px !important;padding-top: 120px !important;}&#8221;]\n<h1 style=\"text-align: center;\"><span style=\"color: #ffffff;\">\u0391\u03c1\u03b3\u03bf\u03bb\u03af\u03b4\u03b1<\/span><\/h1>\n<h2 style=\"text-align: center;\"><span style=\"color: #ffffff;\">\u03c4\u03bf \u03bb\u03af\u03ba\u03bd\u03bf \u03c4\u03bf\u03c5 \u03b5\u03c5\u03c1\u03c9\u03c0\u03b1\u03ca\u03ba\u03bf\u03cd \u03c0\u03bf\u03bb\u03b9\u03c4\u03b9\u03c3\u03bc\u03bf\u03cd<\/span><\/h2>\n[\/vc_column_text][\/vc_column][\/mk_page_section][vc_row][vc_column][vc_empty_space][\/vc_column][\/vc_row][vc_row][vc_column][vc_column_text align=&#8221;center&#8221; css=&#8221;.vc_custom_1620332170951{margin-bottom: 0px !important;}&#8221;]\n<p style=\"text-align: center;\">\u0394\u03b5\u03bd \u03c5\u03c0\u03ac\u03c1\u03c7\u03b5\u03b9 \u03ac\u03bb\u03bb\u03b7 \u03c7\u03ce\u03c1\u03b1 \u03c3\u03c4\u03b7\u03bd \u0395\u03c5\u03c1\u03ce\u03c0\u03b7 \u03cc\u03c0\u03bf\u03c5 \u03bc\u03c0\u03bf\u03c1\u03b5\u03af\u03c4\u03b5 \u03bd\u03b1 \u03b2\u03c1\u03b5\u03af\u03c4\u03b5 \u03c4\u03cc\u03c3\u03b1 \u03b1\u03c1\u03c7\u03b1\u03af\u03b1 \u03bc\u03bd\u03b7\u03bc\u03b5\u03af\u03b1 \u03cc\u03c0\u03c9\u03c2 \u03b7 \u0395\u03bb\u03bb\u03ac\u03b4\u03b1 \u03ba\u03b1\u03b9 \u03b5\u03b4\u03ce \u03b5\u03af\u03bd\u03b1\u03b9 \u03ba\u03b1\u03b9 \u03c0\u03ac\u03bb\u03b9 \u03c4\u03bf \u0391\u03c1\u03b3\u03bf\u03bb\u03af\u03b4\u03b1, \u03c4\u03bf \u03bf\u03c0\u03bf\u03af\u03bf \u03b5\u03af\u03bd\u03b1\u03b9 \u03c0\u03bb\u03bf\u03cd\u03c3\u03b9\u03b1 \u03b5\u03c5\u03bb\u03bf\u03b3\u03b7\u03bc\u03ad\u03bd\u03bf \u03bc\u03b5 \u03c4\u03b7\u03bd \u03b1\u03c1\u03c7\u03b1\u03b9\u03cc\u03c4\u03b7\u03c4\u03b1. \u0395\u03b4\u03ce \u03b5\u03af\u03bd\u03b1\u03b9 \u03bc\u03cc\u03bd\u03bf \u03b4\u03cd\u03bf \u03c3\u03c5\u03bc\u03b2\u03bf\u03c5\u03bb\u03ad\u03c2 \u03b3\u03b9\u03b1 \u03c4\u03b7\u03bd \u00ab\u03c0\u03c1\u03ad\u03c0\u03b5\u03b9 \u03bd\u03b1 \u03b5\u03c0\u03b9\u03c3\u03ba\u03b5\u03c6\u03b8\u03b5\u03af\u03c4\u03b5\u00bb \u03b1\u03c1\u03c7\u03b1\u03af\u03c9\u03bd \u03c4\u03bf\u03c0\u03bf\u03b8\u03b5\u03c3\u03b9\u03ce\u03bd.<\/p>\n<p><img loading=\"lazy\" decoding=\"async\" class=\"aligncenter size-full wp-image-193\" src=\"https:\/\/bungalows-ingrid.com\/wp-content\/uploads\/2018\/11\/agamemklein.gif\" alt=\"\" width=\"148\" height=\"144\" \/>[\/vc_column_text][\/vc_column][\/vc_row][vc_row css=&#8221;.vc_custom_1541024585760{border-top-width: 2px !important;border-bottom-width: 2px !important;padding-top: 40px !important;padding-right: 40px !important;padding-bottom: 40px !important;padding-left: 40px !important;border-top-color: #f5f5f5 !important;border-top-style: solid !important;border-bottom-color: #f5f5f5 !important;border-bottom-style: solid !important;}&#8221;][vc_column][vc_column_text css=&#8221;.vc_custom_1620332196140{margin-bottom: 0px !important;}&#8221;]\n<h1 style=\"text-align: center;\">\u039c\u03c5\u03ba\u03ae\u03bd\u03b5\u03c2<\/h1>\n<h2 style=\"text-align: center;\">\u03a0\u03b1\u03c1\u03b1\u03ba\u03bf\u03bb\u03bf\u03c5\u03b8\u03ae\u03c3\u03c4\u03b5 \u03bc\u03b9\u03b1 \u03c7\u03c1\u03c5\u03c3\u03ae \u03b5\u03c0\u03bf\u03c7\u03ae \u03c3\u03c4\u03b7\u03bd \u0391\u03c1\u03b3\u03bf\u03bb\u03af\u03b4\u03b1<\/h2>\n[\/vc_column_text][vc_row_inner][vc_column_inner width=&#8221;1\/2&#8243;][vc_column_text css=&#8221;.vc_custom_1620332208483{margin-bottom: 0px !important;padding-top: 70px !important;}&#8221;]\n<p style=\"text-align: center;\">\u0397 \u03c0\u03b5\u03c1\u03af\u03c6\u03b7\u03bc\u03b7 \u03c0\u03cd\u03bb\u03b7 \u03c4\u03c9\u03bd \u03bb\u03b9\u03bf\u03bd\u03c4\u03b1\u03c1\u03b9\u03ce\u03bd (\u03b4\u03b5\u03be\u03b9\u03ac)<br \/>\n\u03ba\u03b1\u03b9 \u03bf\u03b9 \u03b2\u03b1\u03c3\u03b9\u03bb\u03b9\u03ba\u03bf\u03af \u03c4\u03ac\u03c6\u03bf\u03b9 \u03c0\u03bf\u03c5 \u03b1\u03bd\u03b1\u03ba\u03b1\u03bb\u03cd\u03c6\u03b8\u03b7\u03ba\u03b1\u03bd \u03b1\u03c0\u03cc \u03c4\u03bf\u03bd Heinrich Schliemann \u03c4\u03bf 1876 (\u03c0\u03b1\u03c1\u03b1\u03ba\u03ac\u03c4\u03c9) \u03bc\u03b5 \u03c4\u03b7 \u03bb\u03b5\u03b3\u03cc\u03bc\u03b5\u03bd\u03b7 \u03bc\u03ac\u03c3\u03ba\u03b1 \u03b8\u03b1\u03bd\u03ac\u03c4\u03bf\u03c5 \u03c4\u03bf\u03c5 \u0391\u03b3\u03b1\u03bc\u03ad\u03bc\u03bd\u03bf\u03bd\u03b1<\/p>\n[\/vc_column_text][\/vc_column_inner][vc_column_inner width=&#8221;1\/2&#8243; css=&#8221;.vc_custom_1541025051762{border-left-width: 1px !important;border-left-color: #e2e2e2 !important;border-left-style: dotted !important;}&#8221;][vc_single_image image=&#8221;175&#8243; img_size=&#8221;full&#8221; alignment=&#8221;center&#8221;][\/vc_column_inner][\/vc_row_inner][vc_row_inner][vc_column_inner width=&#8221;1\/2&#8243; css=&#8221;.vc_custom_1541025071112{border-right-width: 1px !important;border-right-color: #e2e2e2 !important;border-right-style: dotted !important;}&#8221;][vc_single_image image=&#8221;172&#8243; img_size=&#8221;full&#8221; alignment=&#8221;center&#8221;][\/vc_column_inner][vc_column_inner width=&#8221;1\/2&#8243;][vc_column_text css=&#8221;.vc_custom_1620332220621{margin-bottom: 0px !important;padding-top: 50px !important;}&#8221;]\n<p style=\"text-align: center;\">\u03a4\u03b1 \u03b9\u03c3\u03c4\u03bf\u03c1\u03b9\u03ba\u03ac \u03bc\u03bd\u03b7\u03bc\u03b5\u03af\u03b1 \u03c4\u03c9\u03bd \u039c\u03c5\u03ba\u03b7\u03bd\u03ce\u03bd \u03ba\u03b1\u03b9 \u03c4\u03b7\u03c2 \u0395\u03c0\u03b9\u03b4\u03b1\u03cd\u03c1\u03bf\u03c5 \u03b5\u03af\u03bd\u03b1\u03b9 \u03b1\u03bd\u03bf\u03b9\u03c7\u03c4\u03ac \u03cc\u03bb\u03bf \u03c4\u03bf \u03c7\u03c1\u03cc\u03bd\u03bf. \u039a\u03b1\u03b9 \u03bf\u03b9 \u03b4\u03cd\u03bf \u03b1\u03c0\u03ad\u03c7\u03bf\u03c5\u03bd \u03bc\u03cc\u03bb\u03b9\u03c2 30 \u03c7\u03b9\u03bb\u03b9\u03cc\u03bc\u03b5\u03c4\u03c1\u03b1 \u03bc\u03b1\u03ba\u03c1\u03b9\u03ac \u03bc\u03b1\u03c2. \u03a6\u03c1\u03bf\u03bd\u03c4\u03af\u03c3\u03c4\u03b5 \u03bd\u03b1 \u03c6\u03bf\u03c1\u03ac\u03c4\u03b5 \u03b1\u03bd\u03c4\u03b9\u03bf\u03bb\u03b9\u03c3\u03b8\u03b7\u03c4\u03b9\u03ba\u03ac \u03c0\u03b1\u03c0\u03bf\u03cd\u03c4\u03c3\u03b9\u03b1 \u03ba\u03b1\u03b9 \u03c3\u03c4\u03b9\u03c2 \u03b4\u03cd\u03bf \u03c4\u03bf\u03c0\u03bf\u03b8\u03b5\u03c3\u03af\u03b5\u03c2 &#8211; \u03c0\u03bf\u03bb\u03cd \u03bb\u03b5\u03af\u03b5\u03c2 \u03c0\u03ad\u03c4\u03c1\u03b5\u03c2!<\/p>\n[\/vc_column_text][\/vc_column_inner][\/vc_row_inner][\/vc_column][\/vc_row][mk_page_section bg_image=&#8221;https:\/\/bungalows-ingrid.com\/wp-content\/uploads\/2018\/11\/epidaurus.jpg&#8221; bg_color=&#8221;#000000&#8243; bg_position=&#8221;center center&#8221; bg_stretch=&#8221;true&#8221; enable_3d=&#8221;true&#8221; video_color_mask=&#8221;#000000&#8243; video_opacity=&#8221;0.7&#8243; min_height=&#8221;300&#8243; full_width=&#8221;true&#8221; sidebar=&#8221;sidebar-1&#8243;][vc_column][\/vc_column][\/mk_page_section][vc_row css=&#8221;.vc_custom_1541024585760{border-top-width: 2px !important;border-bottom-width: 2px !important;padding-top: 40px !important;padding-right: 40px !important;padding-bottom: 40px !important;padding-left: 40px !important;border-top-color: #f5f5f5 !important;border-top-style: solid !important;border-bottom-color: #f5f5f5 !important;border-bottom-style: solid !important;}&#8221;][vc_column][vc_column_text css=&#8221;.vc_custom_1541025199894{margin-bottom: 0px !important;}&#8221;]\n<h1 style=\"text-align: center;\">\u00a0Epidavros<\/h1>\n<h2 style=\"text-align: center;\">Das antike Theater von Epidavros<\/h2>\n[\/vc_column_text][vc_row_inner][vc_column_inner width=&#8221;1\/2&#8243;][vc_column_text css=&#8221;.vc_custom_1541024704068{margin-bottom: 0px !important;padding-top: 50px !important;}&#8221;]\n<p style=\"text-align: center;\">Das antike Theater bietet 12000 Zuschauern Platz.<br \/>\nEpidavros hatte nicht nur das gro\u00dfe Theater, sondern beherbergte auch das sog. \u00c4skulap-Heiligtum.<\/p>\n[\/vc_column_text][\/vc_column_inner][vc_column_inner width=&#8221;1\/2&#8243;][vc_single_image image=&#8221;166&#8243; img_size=&#8221;full&#8221; alignment=&#8221;center&#8221;][\/vc_column_inner][\/vc_row_inner][vc_row_inner][vc_column_inner width=&#8221;1\/2&#8243;][vc_single_image image=&#8221;157&#8243; img_size=&#8221;full&#8221; alignment=&#8221;center&#8221;][\/vc_column_inner][vc_column_inner width=&#8221;1\/2&#8243;][vc_column_text css=&#8221;.vc_custom_1541024718759{margin-bottom: 0px !important;padding-top: 50px !important;}&#8221;]\n<p style=\"text-align: center;\">Die allj\u00e4hrlichen Theaterfestspiele von Epidavros von Juli bis September locken Besucher aus aller Welt an. Zu jeder Auff\u00fchrung gibt es Busse von Nafplio, die 20 Minuten nach der Vorstellung zur\u00fcck fahren.<\/p>\n[\/vc_column_text][\/vc_column_inner][\/vc_row_inner][\/vc_column][\/vc_row]\n<\/div>","protected":false},"excerpt":{"rendered":"<p>[mk_page_section bg_image=&#8221;https:\/\/bungalows-ingrid.com\/wp-content\/uploads\/2018\/11\/theatre2.jpg&#8221; bg_position=&#8221;center center&#8221; bg_stretch=&#8221;true&#8221; enable_3d=&#8221;true&#8221; video_color_mask=&#8221;#000000&#8243; video_opacity=&#8221;0.5&#8243; min_height=&#8221;350&#8243; full_width=&#8221;true&#8221; sidebar=&#8221;sidebar-1&#8243;][vc_column][vc_column_text align=&#8221;center&#8221; css=&#8221;.vc_custom_1620332158023{margin-bottom: 0px !important;padding-top: 120px !important;}&#8221;] \u0391\u03c1\u03b3\u03bf\u03bb\u03af\u03b4\u03b1 \u03c4\u03bf \u03bb\u03af\u03ba\u03bd\u03bf \u03c4\u03bf\u03c5 \u03b5\u03c5\u03c1\u03c9\u03c0\u03b1\u03ca\u03ba\u03bf\u03cd \u03c0\u03bf\u03bb\u03b9\u03c4\u03b9\u03c3\u03bc\u03bf\u03cd [\/vc_column_text][\/vc_column][\/mk_page_section][vc_row][vc_column][vc_empty_space][\/vc_column][\/vc_row][vc_row][vc_column][vc_column_text align=&#8221;center&#8221; css=&#8221;.vc_custom_1620332170951{margin-bottom: 0px !important;}&#8221;] \u0394\u03b5\u03bd \u03c5\u03c0\u03ac\u03c1\u03c7\u03b5\u03b9 \u03ac\u03bb\u03bb\u03b7 \u03c7\u03ce\u03c1\u03b1 \u03c3\u03c4\u03b7\u03bd \u0395\u03c5\u03c1\u03ce\u03c0\u03b7 \u03cc\u03c0\u03bf\u03c5 \u03bc\u03c0\u03bf\u03c1\u03b5\u03af\u03c4\u03b5 \u03bd\u03b1 \u03b2\u03c1\u03b5\u03af\u03c4\u03b5 \u03c4\u03cc\u03c3\u03b1 \u03b1\u03c1\u03c7\u03b1\u03af\u03b1 \u03bc\u03bd\u03b7\u03bc\u03b5\u03af\u03b1 \u03cc\u03c0\u03c9\u03c2 \u03b7 \u0395\u03bb\u03bb\u03ac\u03b4\u03b1 \u03ba\u03b1\u03b9 \u03b5\u03b4\u03ce \u03b5\u03af\u03bd\u03b1\u03b9 \u03ba\u03b1\u03b9 \u03c0\u03ac\u03bb\u03b9 \u03c4\u03bf \u0391\u03c1\u03b3\u03bf\u03bb\u03af\u03b4\u03b1, \u03c4\u03bf \u03bf\u03c0\u03bf\u03af\u03bf \u03b5\u03af\u03bd\u03b1\u03b9 \u03c0\u03bb\u03bf\u03cd\u03c3\u03b9\u03b1 [&hellip;]<\/p>\n","protected":false},"author":1,"featured_media":0,"parent":0,"menu_order":0,"comment_status":"closed","ping_status":"closed","template":"","meta":{"footnotes":""},"class_list":["post-418","page","type-page","status-publish","hentry"],"_links":{"self":[{"href":"https:\/\/bungalows-ingrid.com\/el\/wp-json\/wp\/v2\/pages\/418","targetHints":{"allow":["GET"]}}],"collection":[{"href":"https:\/\/bungalows-ingrid.com\/el\/wp-json\/wp\/v2\/pages"}],"about":[{"href":"https:\/\/bungalows-ingrid.com\/el\/wp-json\/wp\/v2\/types\/page"}],"author":[{"embeddable":true,"href":"https:\/\/bungalows-ingrid.com\/el\/wp-json\/wp\/v2\/users\/1"}],"replies":[{"embeddable":true,"href":"https:\/\/bungalows-ingrid.com\/el\/wp-json\/wp\/v2\/comments?post=418"}],"version-history":[{"count":4,"href":"https:\/\/bungalows-ingrid.com\/el\/wp-json\/wp\/v2\/pages\/418\/revisions"}],"predecessor-version":[{"id":422,"href":"https:\/\/bungalows-ingrid.com\/el\/wp-json\/wp\/v2\/pages\/418\/revisions\/422"}],"wp:attachment":[{"href":"https:\/\/bungalows-ingrid.com\/el\/wp-json\/wp\/v2\/media?parent=418"}],"curies":[{"name":"wp","href":"https:\/\/api.w.org\/{rel}","templated":true}]}}